{"id":1825,"date":"2023-08-18T09:33:20","date_gmt":"2023-08-18T09:33:20","guid":{"rendered":"https:\/\/testwpflytning.vorfrelserskantori.dk\/?page_id=1825"},"modified":"2025-06-17T13:37:38","modified_gmt":"2025-06-17T13:37:38","slug":"velkommen","status":"publish","type":"page","link":"https:\/\/vorfrelserskantori.dk\/","title":{"rendered":"Et socialt og alsidigt kor"},"content":{"rendered":"\n<p>Vor Frelsers Kantori er et klassisk kor, der siden 2008 har fungeret som koncertkor i Vor Frelsers Kirke p\u00e5 Christianshavn. I dag er vi omkring 40 sangere og dirigeres af organist Lars S\u00f8mod Jensen.<\/p>\n\n\n\n<p>Vores fokus er p\u00e5 den store vokalmusik, og repertoiret favner bredt fra nordisk a capella over moderne uropf\u00f8relser til de helt store klassiske oratorier og samarbejder med anerkendte musikere og solister. <\/p>\n\n\n\n<div class=\"wp-block-buttons is-content-justification-center is-layout-flex wp-container-core-buttons-is-layout-16018d1d wp-block-buttons-is-layout-flex\">\n<div class=\"wp-block-button\"><a class=\"wp-block-button__link wp-element-button\" href=\"https:\/\/vorfrelserskantori.dk\/index.php\/vaer-med\/\"><strong>Kom med i koret<\/strong><\/a><\/div>\n\n\n\n<div class=\"wp-block-button\"><a class=\"wp-block-button__link wp-element-button\" href=\"https:\/\/vorfrelserskantori.dk\/index.php\/om-koret\/\"><strong>Mere om koret<\/strong><\/a><\/div>\n<\/div>\n\n\n\n<p><\/p>\n","protected":false},"excerpt":{"rendered":"<p>Vor Frelsers Kantori er et klassisk kor, der siden 2008 har fungeret som koncertkor i Vor Frelsers Kirke p\u00e5 Christianshavn. I dag er vi omkring 40 sangere og dirigeres af organist Lars S\u00f8mod Jensen. Vores fokus er p\u00e5 den store vokalmusik, og repertoiret favner bredt fra nordisk a capella over moderne uropf\u00f8relser til de helt &hellip; <\/p>\n<p class=\"link-more\"><a href=\"https:\/\/vorfrelserskantori.dk\/\" class=\"more-link\">L\u00e6s videre<span class=\"screen-reader-text\"> &#8220;Et socialt og alsidigt kor&#8221;<\/span><\/a><\/p>\n","protected":false},"author":13,"featured_media":0,"parent":0,"menu_order":0,"comment_status":"closed","ping_status":"closed","template":"","meta":{"footnotes":""},"class_list":["post-1825","page","type-page","status-publish","hentry"],"_links":{"self":[{"href":"https:\/\/vorfrelserskantori.dk\/index.php\/wp-json\/wp\/v2\/pages\/1825","targetHints":{"allow":["GET"]}}],"collection":[{"href":"https:\/\/vorfrelserskantori.dk\/index.php\/wp-json\/wp\/v2\/pages"}],"about":[{"href":"https:\/\/vorfrelserskantori.dk\/index.php\/wp-json\/wp\/v2\/types\/page"}],"author":[{"embeddable":true,"href":"https:\/\/vorfrelserskantori.dk\/index.php\/wp-json\/wp\/v2\/users\/13"}],"replies":[{"embeddable":true,"href":"https:\/\/vorfrelserskantori.dk\/index.php\/wp-json\/wp\/v2\/comments?post=1825"}],"version-history":[{"count":22,"href":"https:\/\/vorfrelserskantori.dk\/index.php\/wp-json\/wp\/v2\/pages\/1825\/revisions"}],"predecessor-version":[{"id":2514,"href":"https:\/\/vorfrelserskantori.dk\/index.php\/wp-json\/wp\/v2\/pages\/1825\/revisions\/2514"}],"wp:attachment":[{"href":"https:\/\/vorfrelserskantori.dk\/index.php\/wp-json\/wp\/v2\/media?parent=1825"}],"curies":[{"name":"wp","href":"https:\/\/api.w.org\/{rel}","templated":true}]}}