{"id":205,"date":"2009-12-03T11:42:59","date_gmt":"2009-12-03T09:42:59","guid":{"rendered":"http:\/\/web.vorfrelserskantori.dk\/?page_id=205"},"modified":"2009-12-03T11:42:59","modified_gmt":"2009-12-03T09:42:59","slug":"intranet","status":"publish","type":"page","link":"https:\/\/vorfrelserskantori.dk\/index.php\/intranet\/","title":{"rendered":"Intranet"},"content":{"rendered":"<p>Intranet for korets medlemmer og assistenter findes her:<\/p>\n<ul>\n<li><a title=\"Intranet - Google gruppe\" href=\"https:\/\/sites.google.com\/view\/vfkintranet\/start\">VFK Intranet &#8211; Forside<\/a><\/li>\n<\/ul>\n<p>Her deles interne informationer, filer, links og lignende.<\/p>\n<p>Adgang kr\u00e6ver at man har en google-konto (ikke n\u00f8dvendigvis gmail!) og er medlem af vores Google-gruppe. Man kan f\u00f8lge dette <a href=\"https:\/\/groups.google.com\/g\/vorfrelserskantori\">link for at s\u00f8ge medlemskab<\/a>. N\u00e5r ans\u00f8gningen er godkendt af gruppens administratorer kan man \u00e5bne gruppen.<\/p>\n<p>Hvis man ikke allerede har en google-konto &#8211; kan\/skal man oprette \u00e9n. F\u00f8lg link under login-boksen. En google-konto kr\u00e6ver at man opgiver sin emailadresse og v\u00e6lger et password. Man beh\u00f8ver ikke at lave en gmail-konto.<\/p>\n","protected":false},"excerpt":{"rendered":"<p>Intranet for korets medlemmer og assistenter findes her: VFK Intranet &#8211; Forside Her deles interne informationer, filer, links og lignende. Adgang kr\u00e6ver at man har en google-konto (ikke n\u00f8dvendigvis gmail!) og er medlem af vores Google-gruppe. Man kan f\u00f8lge dette link for at s\u00f8ge medlemskab. N\u00e5r ans\u00f8gningen er godkendt af gruppens administratorer kan man \u00e5bne &hellip; <\/p>\n<p class=\"link-more\"><a href=\"https:\/\/vorfrelserskantori.dk\/index.php\/intranet\/\" class=\"more-link\">L\u00e6s videre<span class=\"screen-reader-text\"> &#8220;Intranet&#8221;<\/span><\/a><\/p>\n","protected":false},"author":1,"featured_media":0,"parent":0,"menu_order":7,"comment_status":"closed","ping_status":"closed","template":"","meta":{"footnotes":""},"class_list":["post-205","page","type-page","status-publish","hentry"],"_links":{"self":[{"href":"https:\/\/vorfrelserskantori.dk\/index.php\/wp-json\/wp\/v2\/pages\/205","targetHints":{"allow":["GET"]}}],"collection":[{"href":"https:\/\/vorfrelserskantori.dk\/index.php\/wp-json\/wp\/v2\/pages"}],"about":[{"href":"https:\/\/vorfrelserskantori.dk\/index.php\/wp-json\/wp\/v2\/types\/page"}],"author":[{"embeddable":true,"href":"https:\/\/vorfrelserskantori.dk\/index.php\/wp-json\/wp\/v2\/users\/1"}],"replies":[{"embeddable":true,"href":"https:\/\/vorfrelserskantori.dk\/index.php\/wp-json\/wp\/v2\/comments?post=205"}],"version-history":[{"count":0,"href":"https:\/\/vorfrelserskantori.dk\/index.php\/wp-json\/wp\/v2\/pages\/205\/revisions"}],"wp:attachment":[{"href":"https:\/\/vorfrelserskantori.dk\/index.php\/wp-json\/wp\/v2\/media?parent=205"}],"curies":[{"name":"wp","href":"https:\/\/api.w.org\/{rel}","templated":true}]}}