{"id":7,"date":"2009-05-21T22:25:56","date_gmt":"2009-05-21T21:25:56","guid":{"rendered":"http:\/\/vorfrelserskantori.wordpress.com\/?page_id=7"},"modified":"2025-06-25T07:48:45","modified_gmt":"2025-06-25T07:48:45","slug":"om-koret","status":"publish","type":"page","link":"https:\/\/vorfrelserskantori.dk\/index.php\/om-koret\/","title":{"rendered":"Om Kantoriet"},"content":{"rendered":"\n<div class=\"wp-block-columns is-layout-flex wp-container-core-columns-is-layout-9d6595d7 wp-block-columns-is-layout-flex\">\n<div class=\"wp-block-column is-layout-flow wp-block-column-is-layout-flow\">\n<p><em>\u2019Kantori\u2019 er gammel betegnelse for et kor, der fylder kirkens rum med musik \u2013 b\u00e5de vokalt og instrumentalt. P\u00e5 Bachs tid bet\u00f8d \u2019kantori\u2019 b\u00e5de et kor, et orkester af korister og en skole for nye korister.<\/em><\/p>\n\n\n\n<p>Vor Frelsers Kantori er Vor Frelsers Kirkes koncertkor. Koret dirigeres af Lars S\u00f8mod Jensen, der er organist ved kirken.<\/p>\n\n\n\n<p class=\"has-text-align-left\">A cappella repertoiret af prim\u00e6rt dansk, nordisk, europ\u00e6isk og amerikansk kormusik udg\u00f8r korets fundament.  Vi synger ogs\u00e5 j\u00e6vnligt store oratorier og messer med orkester og solister &#8211; bl. a. Haydns Skabelsen, Bachs Johannespassion, Rossinis Petite Messe Solenelle, P\u00e4rts Berlinermesse og Requiem af b\u00e5de Durufl\u00e9 og Faur\u00e9.<\/p>\n\n\n\n<p class=\"has-text-align-left\">Vi er glade for at samarbejde med danske komponister om ny kormusik og har bl.a. Lars S\u00f8mods \u2018Rekviem\u2019, Peter Navarro-Alonsos \u2018Via Crucis\u2019, Jacob H\u00f8gsbros \u2018Guds Fred og Godmorgen\u2019 og Sven Erik Werners \u2018C\u00e6ciliemesse\u2019 p\u00e5 repertoiret.<\/p>\n\n\n\n<p class=\"has-text-align-left\">Vi kan godt lide at samarbejde med andre sangere, musikere og ensembler; det er b\u00e5de socialt og musikalsk udviklende.<\/p>\n\n\n\n<p>Efterh\u00e5nden har kantoriet fast tradition for at markere Palmes\u00f8ndag og Allehelgen med kormusik i Vor Frelsers. De 9 L\u00e6sninger til advent og en sommerkoncert i juni m\u00e5ned er ogs\u00e5 sikre i kalenderen. Derudover holder kantoriet \u00e5rligt forskellige koncerter i Vor Frelsers eller andre danske kirker. Hvert andet \u00e5r <a href=\"https:\/\/vorfrelserskantori.dk\/index.php\/category\/rejser\/\" data-type=\"link\" data-id=\"https:\/\/vorfrelserskantori.dk\/index.php\/category\/rejser\/\">rejser<\/a> vi udenlands med dansk kormusik &#8211; vi har bl.a. v\u00e6ret i England\/Wales og Nordmakedonien, Paris, Bologna og Oslo. Senest, i for\u00e5ret 2024, gik turen til Madrid.<\/p>\n\n\n\n<p class=\"has-text-align-left\">Kantoriet har h\u00f8rt til i Vor Frelsers Kirke siden 2008 og havde inden da en fortid som Eliaskirkens Kammerkor (1996-2007). I dag&nbsp;t\u00e6ller koret ca. 40 aktive sangere \u2013 vores m\u00e5l er et kammerkor p\u00e5 15 sopraner, 10 alter, 10 tenorer og 10 basser. <\/p>\n<\/div>\n<\/div>\n\n\n\n<h2 class=\"wp-block-heading\">Om dirigenten<\/h2>\n\n\n\n<p class=\"has-text-align-left\"><\/p>\n\n\n\n<div class=\"wp-block-media-text is-stacked-on-mobile\"><figure class=\"wp-block-media-text__media\"><img loading=\"lazy\" decoding=\"async\" width=\"960\" height=\"958\" src=\"https:\/\/vorfrelserskantori.dk\/wp-content\/uploads\/2025\/06\/Lars.jpg\" alt=\"\" class=\"wp-image-2518 size-full\" srcset=\"https:\/\/vorfrelserskantori.dk\/wp-content\/uploads\/2025\/06\/Lars.jpg 960w, https:\/\/vorfrelserskantori.dk\/wp-content\/uploads\/2025\/06\/Lars-300x300.jpg 300w, https:\/\/vorfrelserskantori.dk\/wp-content\/uploads\/2025\/06\/Lars-150x150.jpg 150w, https:\/\/vorfrelserskantori.dk\/wp-content\/uploads\/2025\/06\/Lars-768x766.jpg 768w, https:\/\/vorfrelserskantori.dk\/wp-content\/uploads\/2025\/06\/Lars-100x100.jpg 100w\" sizes=\"auto, (max-width: 767px) 89vw, (max-width: 1000px) 54vw, (max-width: 1071px) 543px, 580px\" \/><\/figure><div class=\"wp-block-media-text__content\">\n<p><\/p>\n\n\n\n<p class=\"has-text-align-left\"><strong>Lars S\u00f8mod Jensen<\/strong><br>Organist i Vor Frelsers Kirke, klokkenist, komponist og korleder. Har v\u00e6ret dirigent for Vor Frelsers Kantori siden 2008.<\/p>\n<\/div><\/div>\n\n\n\n<div class=\"wp-block-columns is-layout-flex wp-container-core-columns-is-layout-9d6595d7 wp-block-columns-is-layout-flex\">\n<div class=\"wp-block-column is-layout-flow wp-block-column-is-layout-flow\"><\/div>\n<\/div>\n","protected":false},"excerpt":{"rendered":"<p>\u2019Kantori\u2019 er gammel betegnelse for et kor, der fylder kirkens rum med musik \u2013 b\u00e5de vokalt og instrumentalt. P\u00e5 Bachs tid bet\u00f8d \u2019kantori\u2019 b\u00e5de et kor, et orkester af korister og en skole for nye korister. Vor Frelsers Kantori er Vor Frelsers Kirkes koncertkor. Koret dirigeres af Lars S\u00f8mod Jensen, der er organist ved kirken. &hellip; <\/p>\n<p class=\"link-more\"><a href=\"https:\/\/vorfrelserskantori.dk\/index.php\/om-koret\/\" class=\"more-link\">L\u00e6s videre<span class=\"screen-reader-text\"> &#8220;Om Kantoriet&#8221;<\/span><\/a><\/p>\n","protected":false},"author":1,"featured_media":0,"parent":0,"menu_order":0,"comment_status":"closed","ping_status":"closed","template":"","meta":{"footnotes":""},"class_list":["post-7","page","type-page","status-publish","hentry"],"_links":{"self":[{"href":"https:\/\/vorfrelserskantori.dk\/index.php\/wp-json\/wp\/v2\/pages\/7","targetHints":{"allow":["GET"]}}],"collection":[{"href":"https:\/\/vorfrelserskantori.dk\/index.php\/wp-json\/wp\/v2\/pages"}],"about":[{"href":"https:\/\/vorfrelserskantori.dk\/index.php\/wp-json\/wp\/v2\/types\/page"}],"author":[{"embeddable":true,"href":"https:\/\/vorfrelserskantori.dk\/index.php\/wp-json\/wp\/v2\/users\/1"}],"replies":[{"embeddable":true,"href":"https:\/\/vorfrelserskantori.dk\/index.php\/wp-json\/wp\/v2\/comments?post=7"}],"version-history":[{"count":17,"href":"https:\/\/vorfrelserskantori.dk\/index.php\/wp-json\/wp\/v2\/pages\/7\/revisions"}],"predecessor-version":[{"id":2519,"href":"https:\/\/vorfrelserskantori.dk\/index.php\/wp-json\/wp\/v2\/pages\/7\/revisions\/2519"}],"wp:attachment":[{"href":"https:\/\/vorfrelserskantori.dk\/index.php\/wp-json\/wp\/v2\/media?parent=7"}],"curies":[{"name":"wp","href":"https:\/\/api.w.org\/{rel}","templated":true}]}}